{"id":14,"date":"2025-03-22T10:29:16","date_gmt":"2025-03-22T09:29:16","guid":{"rendered":"https:\/\/dev.gatoit.pl\/?page_id=14"},"modified":"2025-03-22T11:26:29","modified_gmt":"2025-03-22T10:26:29","slug":"start","status":"publish","type":"page","link":"https:\/\/dev.gatoit.pl\/","title":{"rendered":"Start"},"content":{"rendered":"\t\t<div data-elementor-type=\"wp-page\" data-elementor-id=\"14\" class=\"elementor elementor-14\" data-elementor-post-type=\"page\">\n\t\t\t\t<div class=\"elementor-element elementor-element-78f5d112 e-con-full e-flex e-con e-parent\" data-id=\"78f5d112\" data-element_type=\"container\">\n\t\t<div class=\"elementor-element elementor-element-55b675cc e-con-full e-flex e-con e-child\" data-id=\"55b675cc\" data-element_type=\"container\">\n\t\t<div class=\"elementor-element elementor-element-05f402c e-con-full elementor-hidden-tablet elementor-hidden-mobile e-flex e-con e-child\" data-id=\"05f402c\" data-element_type=\"container\" data-settings=\"{&quot;background_background&quot;:&quot;classic&quot;}\">\n\t\t\t\t<\/div>\n\t\t\t\t<\/div>\n\t\t\t\t<div class=\"elementor-element elementor-element-e92669a elementor-widget-mobile__width-inherit elementor-widget elementor-widget-heading\" data-id=\"e92669a\" data-element_type=\"widget\" data-widget_type=\"heading.default\">\n\t\t\t\t<div class=\"elementor-widget-container\">\n\t\t\t\t\t<h2 class=\"elementor-heading-title elementor-size-default\">PODLE\u015aNA 42<\/h2>\t\t\t\t<\/div>\n\t\t\t\t<\/div>\n\t\t<div class=\"elementor-element elementor-element-7961a662 e-con-full e-flex e-con e-child\" data-id=\"7961a662\" data-element_type=\"container\">\n\t\t\t\t<div class=\"elementor-element elementor-element-383f180a elementor-mobile-align-center elementor-widget-mobile__width-initial elementor-icon-list--layout-traditional elementor-list-item-link-full_width elementor-widget elementor-widget-icon-list\" data-id=\"383f180a\" data-element_type=\"widget\" data-widget_type=\"icon-list.default\">\n\t\t\t\t<div class=\"elementor-widget-container\">\n\t\t\t\t\t\t\t<ul class=\"elementor-icon-list-items\">\n\t\t\t\t\t\t\t<li class=\"elementor-icon-list-item\">\n\t\t\t\t\t\t\t\t\t\t<span class=\"elementor-icon-list-text\">Tel : +48 501 779 889<\/span>\n\t\t\t\t\t\t\t\t\t<\/li>\n\t\t\t\t\t\t<\/ul>\n\t\t\t\t\t\t<\/div>\n\t\t\t\t<\/div>\n\t\t\t\t<div class=\"elementor-element elementor-element-7ae7334e elementor-align-right elementor-mobile-align-justify elementor-widget-mobile__width-inherit elementor-hidden-tablet elementor-hidden-mobile elementor-widget elementor-widget-button\" data-id=\"7ae7334e\" data-element_type=\"widget\" data-widget_type=\"button.default\">\n\t\t\t\t<div class=\"elementor-widget-container\">\n\t\t\t\t\t\t\t\t\t<div class=\"elementor-button-wrapper\">\n\t\t\t\t\t<a class=\"elementor-button elementor-button-link elementor-size-sm elementor-animation-float\" href=\"#\">\n\t\t\t\t\t\t<span class=\"elementor-button-content-wrapper\">\n\t\t\t\t\t\t\t\t\t<span class=\"elementor-button-text\">Skontaktuj si\u0119<\/span>\n\t\t\t\t\t<\/span>\n\t\t\t\t\t<\/a>\n\t\t\t\t<\/div>\n\t\t\t\t\t\t\t\t<\/div>\n\t\t\t\t<\/div>\n\t\t\t\t<\/div>\n\t\t\t\t<\/div>\n\t\t<div class=\"elementor-element elementor-element-5ee4c9bf e-flex e-con-boxed e-con e-parent\" data-id=\"5ee4c9bf\" data-element_type=\"container\">\n\t\t\t\t\t<div class=\"e-con-inner\">\n\t\t\t\t<div class=\"elementor-element elementor-element-cb319c0 elementor-widget__width-initial animated-slow elementor-invisible elementor-widget elementor-widget-heading\" data-id=\"cb319c0\" data-element_type=\"widget\" data-settings=\"{&quot;_animation&quot;:&quot;fadeInLeft&quot;}\" data-widget_type=\"heading.default\">\n\t\t\t\t<div class=\"elementor-widget-container\">\n\t\t\t\t\t<h2 class=\"elementor-heading-title elementor-size-default\">Domy na sprzeda\u017c<br> w Nisku<\/h2>\t\t\t\t<\/div>\n\t\t\t\t<\/div>\n\t\t\t\t<div class=\"elementor-element elementor-element-4d4013d elementor-widget__width-initial animated-slow elementor-invisible elementor-widget elementor-widget-text-editor\" data-id=\"4d4013d\" data-element_type=\"widget\" data-settings=\"{&quot;_animation&quot;:&quot;fadeInDown&quot;}\" data-widget_type=\"text-editor.default\">\n\t\t\t\t<div class=\"elementor-widget-container\">\n\t\t\t\t\t\t\t\t\t<p>Prezentujemy Pa\u0144stwu wyj\u0105tkow\u0105 nieruchomo\u015b\u0107 zlokalizowan\u0105<strong> w Nisku, przy ulicy Podle\u015bnej.<\/strong><\/p>\t\t\t\t\t\t\t\t<\/div>\n\t\t\t\t<\/div>\n\t\t\t\t<div class=\"elementor-element elementor-element-3d26ac6d elementor-widget-mobile__width-initial animated-slow elementor-invisible elementor-widget elementor-widget-image\" data-id=\"3d26ac6d\" data-element_type=\"widget\" data-settings=\"{&quot;_animation&quot;:&quot;fadeInUp&quot;}\" data-widget_type=\"image.default\">\n\t\t\t\t<div class=\"elementor-widget-container\">\n\t\t\t\t\t\t\t\t\t\t\t\t\t\t\t<img decoding=\"async\" src=\"https:\/\/dev.gatoit.pl\/wp-content\/uploads\/elementor\/thumbs\/1709_MAB006_WO-1-2-r38aghp8p7u9s20i4l6zkg410dq5gspgf17fgren3k.webp\" title=\"1709_MAB006_WO-1-2\" alt=\"1709_MAB006_WO-1-2\" loading=\"lazy\" \/>\t\t\t\t\t\t\t\t\t\t\t\t\t\t\t<\/div>\n\t\t\t\t<\/div>\n\t\t\t\t\t<\/div>\n\t\t\t\t<\/div>\n\t\t<div class=\"elementor-element elementor-element-46f4f138 animated-slow e-flex e-con-boxed elementor-invisible e-con e-parent\" data-id=\"46f4f138\" data-element_type=\"container\" data-settings=\"{&quot;animation&quot;:&quot;fadeInUp&quot;}\">\n\t\t\t\t\t<div class=\"e-con-inner\">\n\t\t\t\t<div class=\"elementor-element elementor-element-5123da62 elementor-widget elementor-widget-rkit_image_gallery\" data-id=\"5123da62\" data-element_type=\"widget\" data-widget_type=\"rkit_image_gallery.default\">\n\t\t\t\t<div class=\"elementor-widget-container\">\n\t\t\t\t\t  \r\n\r\n<div class=\"rkit-gallery-masonry-container\">\r\n    <div class=\"rkit-gallery-masonry\">\r\n        \r\n            <div class=\"brick\">\r\n        <div class=\"skeleton\"><\/div>\r\n            <img decoding=\"async\" src=\"https:\/\/dev.gatoit.pl\/wp-content\/uploads\/2025\/03\/1709_MAB006_V1_salon1-1.webp\" \r\n                class=\"gallery_image  elementor-animation-grow\" \r\n                alt=\"Gallery Image\" \r\n                loading=\"lazy\"><\/img>\r\n        <\/div>\r\n            <div class=\"brick\">\r\n        <div class=\"skeleton\"><\/div>\r\n            <img decoding=\"async\" src=\"https:\/\/dev.gatoit.pl\/wp-content\/uploads\/2025\/03\/1709_MAB006_V2_sypialnia-1.webp\" \r\n                class=\"gallery_image  elementor-animation-grow\" \r\n                alt=\"Gallery Image\" \r\n                loading=\"lazy\"><\/img>\r\n        <\/div>\r\n            <div class=\"brick\">\r\n        <div class=\"skeleton\"><\/div>\r\n            <img decoding=\"async\" src=\"https:\/\/dev.gatoit.pl\/wp-content\/uploads\/2025\/03\/1709_MAB006_WO-2-1.webp\" \r\n                class=\"gallery_image  elementor-animation-grow\" \r\n                alt=\"Gallery Image\" \r\n                loading=\"lazy\"><\/img>\r\n        <\/div>\r\n        \r\n    <\/div>\r\n<\/div>\r\n\r\n    \t\t\t\t<\/div>\n\t\t\t\t<\/div>\n\t\t\t\t\t<\/div>\n\t\t\t\t<\/div>\n\t\t<div class=\"elementor-element elementor-element-54cc5522 e-flex e-con-boxed e-con e-parent\" data-id=\"54cc5522\" data-element_type=\"container\">\n\t\t\t\t\t<div class=\"e-con-inner\">\n\t\t<div class=\"elementor-element elementor-element-5bc7b7af e-con-full e-flex e-con e-child\" data-id=\"5bc7b7af\" data-element_type=\"container\">\n\t\t\t\t<div class=\"elementor-element elementor-element-5d8bfef9 elementor-widget__width-initial elementor-widget elementor-widget-image\" data-id=\"5d8bfef9\" data-element_type=\"widget\" data-widget_type=\"image.default\">\n\t\t\t\t<div class=\"elementor-widget-container\">\n\t\t\t\t\t\t\t\t\t\t\t\t\t\t\t<img fetchpriority=\"high\" decoding=\"async\" width=\"800\" height=\"450\" src=\"https:\/\/dev.gatoit.pl\/wp-content\/uploads\/2025\/03\/1709_MAB006_WO-1-2-1024x576.webp\" class=\"attachment-large size-large wp-image-39\" alt=\"\" srcset=\"https:\/\/dev.gatoit.pl\/wp-content\/uploads\/2025\/03\/1709_MAB006_WO-1-2-1024x576.webp 1024w, https:\/\/dev.gatoit.pl\/wp-content\/uploads\/2025\/03\/1709_MAB006_WO-1-2-300x169.webp 300w, https:\/\/dev.gatoit.pl\/wp-content\/uploads\/2025\/03\/1709_MAB006_WO-1-2-768x432.webp 768w, https:\/\/dev.gatoit.pl\/wp-content\/uploads\/2025\/03\/1709_MAB006_WO-1-2.webp 1200w\" sizes=\"(max-width: 800px) 100vw, 800px\" \/>\t\t\t\t\t\t\t\t\t\t\t\t\t\t\t<\/div>\n\t\t\t\t<\/div>\n\t\t<div class=\"elementor-element elementor-element-f753320 e-con-full e-flex e-con e-child\" data-id=\"f753320\" data-element_type=\"container\">\n\t\t\t\t<div class=\"elementor-element elementor-element-40c986f3 elementor-widget__width-initial elementor-widget elementor-widget-heading\" data-id=\"40c986f3\" data-element_type=\"widget\" data-widget_type=\"heading.default\">\n\t\t\t\t<div class=\"elementor-widget-container\">\n\t\t\t\t\t<h6 class=\"elementor-heading-title elementor-size-default\">Na sprzeda\u017c<\/h6>\t\t\t\t<\/div>\n\t\t\t\t<\/div>\n\t\t\t\t<div class=\"elementor-element elementor-element-5a75289b elementor-widget__width-initial elementor-widget elementor-widget-heading\" data-id=\"5a75289b\" data-element_type=\"widget\" data-widget_type=\"heading.default\">\n\t\t\t\t<div class=\"elementor-widget-container\">\n\t\t\t\t\t<h4 class=\"elementor-heading-title elementor-size-default\">Domy jednorodzinne w nisku<\/h4>\t\t\t\t<\/div>\n\t\t\t\t<\/div>\n\t\t\t\t<div class=\"elementor-element elementor-element-4ff7ba85 elementor-icon-list--layout-inline elementor-align-left elementor-widget__width-initial elementor-list-item-link-full_width elementor-widget elementor-widget-icon-list\" data-id=\"4ff7ba85\" data-element_type=\"widget\" data-widget_type=\"icon-list.default\">\n\t\t\t\t<div class=\"elementor-widget-container\">\n\t\t\t\t\t\t\t<ul class=\"elementor-icon-list-items elementor-inline-items\">\n\t\t\t\t\t\t\t<li class=\"elementor-icon-list-item elementor-inline-item\">\n\t\t\t\t\t\t\t\t\t\t\t<span class=\"elementor-icon-list-icon\">\n\t\t\t\t\t\t\t<svg aria-hidden=\"true\" class=\"e-font-icon-svg e-fas-bed\" viewBox=\"0 0 640 512\" xmlns=\"http:\/\/www.w3.org\/2000\/svg\"><path d=\"M176 256c44.11 0 80-35.89 80-80s-35.89-80-80-80-80 35.89-80 80 35.89 80 80 80zm352-128H304c-8.84 0-16 7.16-16 16v144H64V80c0-8.84-7.16-16-16-16H16C7.16 64 0 71.16 0 80v352c0 8.84 7.16 16 16 16h32c8.84 0 16-7.16 16-16v-48h512v48c0 8.84 7.16 16 16 16h32c8.84 0 16-7.16 16-16V240c0-61.86-50.14-112-112-112z\"><\/path><\/svg>\t\t\t\t\t\t<\/span>\n\t\t\t\t\t\t\t\t\t\t<span class=\"elementor-icon-list-text\">4 pokoje<\/span>\n\t\t\t\t\t\t\t\t\t<\/li>\n\t\t\t\t\t\t\t\t<li class=\"elementor-icon-list-item elementor-inline-item\">\n\t\t\t\t\t\t\t\t\t\t\t<span class=\"elementor-icon-list-icon\">\n\t\t\t\t\t\t\t<svg aria-hidden=\"true\" class=\"e-font-icon-svg e-fas-bath\" viewBox=\"0 0 512 512\" xmlns=\"http:\/\/www.w3.org\/2000\/svg\"><path d=\"M32,384a95.4,95.4,0,0,0,32,71.09V496a16,16,0,0,0,16,16h32a16,16,0,0,0,16-16V480H384v16a16,16,0,0,0,16,16h32a16,16,0,0,0,16-16V455.09A95.4,95.4,0,0,0,480,384V336H32ZM496,256H80V69.25a21.26,21.26,0,0,1,36.28-15l19.27,19.26c-13.13,29.88-7.61,59.11,8.62,79.73l-.17.17A16,16,0,0,0,144,176l11.31,11.31a16,16,0,0,0,22.63,0L283.31,81.94a16,16,0,0,0,0-22.63L272,48a16,16,0,0,0-22.62,0l-.17.17c-20.62-16.23-49.83-21.75-79.73-8.62L150.22,20.28A69.25,69.25,0,0,0,32,69.25V256H16A16,16,0,0,0,0,272v16a16,16,0,0,0,16,16H496a16,16,0,0,0,16-16V272A16,16,0,0,0,496,256Z\"><\/path><\/svg>\t\t\t\t\t\t<\/span>\n\t\t\t\t\t\t\t\t\t\t<span class=\"elementor-icon-list-text\">2 \u0142azienki<\/span>\n\t\t\t\t\t\t\t\t\t<\/li>\n\t\t\t\t\t\t\t\t<li class=\"elementor-icon-list-item elementor-inline-item\">\n\t\t\t\t\t\t\t\t\t\t\t<span class=\"elementor-icon-list-icon\">\n\t\t\t\t\t\t\t<svg aria-hidden=\"true\" class=\"e-font-icon-svg e-fas-home\" viewBox=\"0 0 576 512\" xmlns=\"http:\/\/www.w3.org\/2000\/svg\"><path d=\"M280.37 148.26L96 300.11V464a16 16 0 0 0 16 16l112.06-.29a16 16 0 0 0 15.92-16V368a16 16 0 0 1 16-16h64a16 16 0 0 1 16 16v95.64a16 16 0 0 0 16 16.05L464 480a16 16 0 0 0 16-16V300L295.67 148.26a12.19 12.19 0 0 0-15.3 0zM571.6 251.47L488 182.56V44.05a12 12 0 0 0-12-12h-56a12 12 0 0 0-12 12v72.61L318.47 43a48 48 0 0 0-61 0L4.34 251.47a12 12 0 0 0-1.6 16.9l25.5 31A12 12 0 0 0 45.15 301l235.22-193.74a12.19 12.19 0 0 1 15.3 0L530.9 301a12 12 0 0 0 16.9-1.6l25.5-31a12 12 0 0 0-1.7-16.93z\"><\/path><\/svg>\t\t\t\t\t\t<\/span>\n\t\t\t\t\t\t\t\t\t\t<span class=\"elementor-icon-list-text\">ok. 160 m\u00b2<\/span>\n\t\t\t\t\t\t\t\t\t<\/li>\n\t\t\t\t\t\t<\/ul>\n\t\t\t\t\t\t<\/div>\n\t\t\t\t<\/div>\n\t\t\t\t<div class=\"elementor-element elementor-element-74812c09 elementor-widget__width-initial elementor-widget elementor-widget-heading\" data-id=\"74812c09\" data-element_type=\"widget\" data-widget_type=\"heading.default\">\n\t\t\t\t<div class=\"elementor-widget-container\">\n\t\t\t\t\t<h4 class=\"elementor-heading-title elementor-size-default\">5200 z\u0142\/m\u00b2<\/h4>\t\t\t\t<\/div>\n\t\t\t\t<\/div>\n\t\t\t\t<div class=\"elementor-element elementor-element-2948fe7 elementor-align-left elementor-widget__width-initial elementor-icon-list--layout-traditional elementor-list-item-link-full_width elementor-widget elementor-widget-icon-list\" data-id=\"2948fe7\" data-element_type=\"widget\" data-widget_type=\"icon-list.default\">\n\t\t\t\t<div class=\"elementor-widget-container\">\n\t\t\t\t\t\t\t<ul class=\"elementor-icon-list-items\">\n\t\t\t\t\t\t\t<li class=\"elementor-icon-list-item\">\n\t\t\t\t\t\t\t\t\t\t\t<span class=\"elementor-icon-list-icon\">\n\t\t\t\t\t\t\t<i aria-hidden=\"true\" class=\"rtmicon rtmicon-pin-map-location\"><\/i>\t\t\t\t\t\t<\/span>\n\t\t\t\t\t\t\t\t\t\t<span class=\"elementor-icon-list-text\">ul. Podle\u015bna, Nisko, Podkarpackie<\/span>\n\t\t\t\t\t\t\t\t\t<\/li>\n\t\t\t\t\t\t<\/ul>\n\t\t\t\t\t\t<\/div>\n\t\t\t\t<\/div>\n\t\t\t\t<\/div>\n\t\t<div class=\"elementor-element elementor-element-179875c4 e-con-full e-flex e-con e-child\" data-id=\"179875c4\" data-element_type=\"container\" data-settings=\"{&quot;background_background&quot;:&quot;classic&quot;}\">\n\t\t<div class=\"elementor-element elementor-element-5ccb264c e-con-full e-flex e-con e-child\" data-id=\"5ccb264c\" data-element_type=\"container\">\n\t\t\t\t<div class=\"elementor-element elementor-element-1200fd3a elementor-widget__width-initial elementor-widget elementor-widget-heading\" data-id=\"1200fd3a\" data-element_type=\"widget\" data-widget_type=\"heading.default\">\n\t\t\t\t<div class=\"elementor-widget-container\">\n\t\t\t\t\t<h4 class=\"elementor-heading-title elementor-size-default\">Skontaktuj si\u0119 z dzia\u0142em sprzeda\u017cy<\/h4>\t\t\t\t<\/div>\n\t\t\t\t<\/div>\n\t\t\t\t<div class=\"elementor-element elementor-element-10ab11b4 elementor-widget__width-initial elementor-icon-list--layout-traditional elementor-list-item-link-full_width elementor-widget elementor-widget-icon-list\" data-id=\"10ab11b4\" data-element_type=\"widget\" data-widget_type=\"icon-list.default\">\n\t\t\t\t<div class=\"elementor-widget-container\">\n\t\t\t\t\t\t\t<ul class=\"elementor-icon-list-items\">\n\t\t\t\t\t\t\t<li class=\"elementor-icon-list-item\">\n\t\t\t\t\t\t\t\t\t\t\t<span class=\"elementor-icon-list-icon\">\n\t\t\t\t\t\t\t<i aria-hidden=\"true\" class=\"rtmicon rtmicon-phone-classic\"><\/i>\t\t\t\t\t\t<\/span>\n\t\t\t\t\t\t\t\t\t\t<span class=\"elementor-icon-list-text\">Tel : +48 501 779 889<\/span>\n\t\t\t\t\t\t\t\t\t<\/li>\n\t\t\t\t\t\t<\/ul>\n\t\t\t\t\t\t<\/div>\n\t\t\t\t<\/div>\n\t\t\t\t<\/div>\n\t\t\t\t<\/div>\n\t\t\t\t<div class=\"elementor-element elementor-element-39c4237e elementor-widget-divider--view-line elementor-widget elementor-widget-divider\" data-id=\"39c4237e\" data-element_type=\"widget\" data-widget_type=\"divider.default\">\n\t\t\t\t<div class=\"elementor-widget-container\">\n\t\t\t\t\t\t\t<div class=\"elementor-divider\">\n\t\t\t<span class=\"elementor-divider-separator\">\n\t\t\t\t\t\t<\/span>\n\t\t<\/div>\n\t\t\t\t\t\t<\/div>\n\t\t\t\t<\/div>\n\t\t\t\t<div class=\"elementor-element elementor-element-e384c8f elementor-widget__width-initial elementor-widget elementor-widget-heading\" data-id=\"e384c8f\" data-element_type=\"widget\" data-widget_type=\"heading.default\">\n\t\t\t\t<div class=\"elementor-widget-container\">\n\t\t\t\t\t<h4 class=\"elementor-heading-title elementor-size-default\">Opis<\/h4>\t\t\t\t<\/div>\n\t\t\t\t<\/div>\n\t\t\t\t<div class=\"elementor-element elementor-element-2396b2e2 elementor-widget elementor-widget-text-editor\" data-id=\"2396b2e2\" data-element_type=\"widget\" data-widget_type=\"text-editor.default\">\n\t\t\t\t<div class=\"elementor-widget-container\">\n\t\t\t\t\t\t\t\t\t<p><span class=\"relative -mx-px my-[-0.2rem] rounded px-px py-[0.2rem]\">Dom wed\u0142ug projektu MAB006 <strong>to energooszcz\u0119dny dom parterowy<\/strong>, kt\u00f3ry zapewni komfort dla wi\u0119kszej rodziny. Ciekawa architektura spe\u0142ni nie tylko wysokie wymagania w zakresie wzornictwa, ale te\u017c funkcjonalno\u015bci. Projekt przewiduje dach wielospadowy, z okapem i podcieni<\/span><span class=\"relative -mx-px my-[-0.2rem] rounded px-px py-[0.2rem]\">em nad wej\u015bciem. Codzienn\u0105 wygod\u0119 zapewnia te\u017c dwustanowiskowy gara\u017c, z kt\u00f3rego mo\u017cemy dosta\u0107 si\u0119 do wn\u0119trza domu.<\/span><\/p><p><strong>Budynek z parterow\u0105 konstrukcj\u0105 o metra\u017cu ok. 160 m2<\/strong>\u00a0podzielony jest na stref\u0119 dzienn\u0105 i nocn\u0105, zapewniaj\u0105c domownikom codzienn\u0105 wygod\u0119. Dodatkowe pomieszczenia: spi\u017carnia, garderoby oraz pomieszczenie techniczne pod pomp\u0119 ciep\u0142a pozwalaj\u0105 optymalnie zorganizowa\u0107 przestrze\u0144 dla kilku os\u00f3b. Istnieje tak\u017ce mo\u017cliwo\u015b\u0107 adaptacji poddasza nieu\u017cytkowego na strych i zagospodarowania przestrzeni na przechowywanie.<\/p><p>\u200b<\/p>\t\t\t\t\t\t\t\t<\/div>\n\t\t\t\t<\/div>\n\t\t\t\t<div class=\"elementor-element elementor-element-3733c166 elementor-widget__width-initial elementor-widget elementor-widget-video\" data-id=\"3733c166\" data-element_type=\"widget\" data-settings=\"{&quot;youtube_url&quot;:&quot;https:\\\/\\\/www.youtube.com\\\/watch?v=XHOmBV4js_E&quot;,&quot;show_image_overlay&quot;:&quot;yes&quot;,&quot;image_overlay&quot;:{&quot;url&quot;:&quot;https:\\\/\\\/dev.gatoit.pl\\\/wp-content\\\/uploads\\\/2025\\\/03\\\/1709_MAB006_WO-2.webp&quot;,&quot;id&quot;:35,&quot;size&quot;:&quot;&quot;,&quot;alt&quot;:&quot;&quot;,&quot;source&quot;:&quot;library&quot;},&quot;video_type&quot;:&quot;youtube&quot;,&quot;controls&quot;:&quot;yes&quot;}\" data-widget_type=\"video.default\">\n\t\t\t\t<div class=\"elementor-widget-container\">\n\t\t\t\t\t\t\t<div class=\"elementor-wrapper elementor-open-inline\">\n\t\t\t<div class=\"elementor-video\"><\/div>\t\t\t\t<div class=\"elementor-custom-embed-image-overlay\" style=\"background-image: url(https:\/\/dev.gatoit.pl\/wp-content\/uploads\/2025\/03\/1709_MAB006_WO-2.webp);\">\n\t\t\t\t\t\t\t\t\t\t\t\t\t\t\t\t<div class=\"elementor-custom-embed-play\" role=\"button\" aria-label=\"Play Video\" tabindex=\"0\">\n\t\t\t\t\t\t\t<svg aria-hidden=\"true\" class=\"e-font-icon-svg e-eicon-play\" viewBox=\"0 0 1000 1000\" xmlns=\"http:\/\/www.w3.org\/2000\/svg\"><path d=\"M838 162C746 71 633 25 500 25 371 25 258 71 163 162 71 254 25 367 25 500 25 633 71 746 163 837 254 929 367 979 500 979 633 979 746 933 838 837 929 746 975 633 975 500 975 367 929 254 838 162M808 192C892 279 933 379 933 500 933 621 892 725 808 808 725 892 621 938 500 938 379 938 279 896 196 808 113 725 67 621 67 500 67 379 108 279 196 192 279 108 383 62 500 62 621 62 721 108 808 192M438 392V642L642 517 438 392Z\"><\/path><\/svg>\t\t\t\t\t\t<\/div>\n\t\t\t\t\t\t\t\t\t<\/div>\n\t\t\t\t\t<\/div>\n\t\t\t\t\t\t<\/div>\n\t\t\t\t<\/div>\n\t\t<div class=\"elementor-element elementor-element-7ffe6c5a e-con-full e-flex e-con e-child\" data-id=\"7ffe6c5a\" data-element_type=\"container\">\n\t\t\t\t<div class=\"elementor-element elementor-element-a199783 elementor-widget__width-initial elementor-widget elementor-widget-heading\" data-id=\"a199783\" data-element_type=\"widget\" data-widget_type=\"heading.default\">\n\t\t\t\t<div class=\"elementor-widget-container\">\n\t\t\t\t\t<h4 class=\"elementor-heading-title elementor-size-default\">Szczeg\u00f3\u0142y<\/h4>\t\t\t\t<\/div>\n\t\t\t\t<\/div>\n\t\t\t\t<div class=\"elementor-element elementor-element-7508e06b elementor-widget elementor-widget-text-editor\" data-id=\"7508e06b\" data-element_type=\"widget\" data-widget_type=\"text-editor.default\">\n\t\t\t\t<div class=\"elementor-widget-container\">\n\t\t\t\t\t\t\t\t\t<p>Rodzaj:\u00a0<strong>Dom jednorodzinny<\/strong><\/p><p>Sypialnie: <strong>4<\/strong><\/p><p>\u0141azienki: 2<\/p><p>Powierzchnia domu: <strong>ok. 160 m\u00b2<\/strong><\/p><p>Powierzchnia dzia\u0142ki:\u00a0<strong>ok. 10 ar\u00f3w<\/strong><\/p><p>Pi\u0119tra:\u00a0<strong>1<\/strong><\/p>\t\t\t\t\t\t\t\t<\/div>\n\t\t\t\t<\/div>\n\t\t\t\t<\/div>\n\t\t\t\t<div class=\"elementor-element elementor-element-2c67bead elementor-widget__width-initial elementor-widget elementor-widget-heading\" data-id=\"2c67bead\" data-element_type=\"widget\" data-widget_type=\"heading.default\">\n\t\t\t\t<div class=\"elementor-widget-container\">\n\t\t\t\t\t<h4 class=\"elementor-heading-title elementor-size-default\">Dodatkowe informacje<\/h4>\t\t\t\t<\/div>\n\t\t\t\t<\/div>\n\t\t\t\t<div class=\"elementor-element elementor-element-1af2dc6c elementor-widget elementor-widget-text-editor\" data-id=\"1af2dc6c\" data-element_type=\"widget\" data-widget_type=\"text-editor.default\">\n\t\t\t\t<div class=\"elementor-widget-container\">\n\t\t\t\t\t\t\t\t\t<p>W zale\u017cno\u015bci od wybranego wariantu w domu mo\u017cna zaaran\u017cowa\u0107 4 lub 5 pokoi. W salonie znajduje si\u0119 kominek, a z przestronnego pomieszczenia jadalniano-kuchennego bezpo\u015brednio wyjdziemy na taras. Du\u017ce naro\u017cne okno dodatkowo do\u015bwietli salon i da wra\u017cenie przestronno\u015bci.\u00a0<strong>Powierzchnia zabudowy wynosi 193 m2.<\/strong><\/p>\t\t\t\t\t\t\t\t<\/div>\n\t\t\t\t<\/div>\n\t\t\t\t<div class=\"elementor-element elementor-element-5fc9abf8 elementor-widget__width-initial elementor-widget elementor-widget-heading\" data-id=\"5fc9abf8\" data-element_type=\"widget\" data-widget_type=\"heading.default\">\n\t\t\t\t<div class=\"elementor-widget-container\">\n\t\t\t\t\t<h4 class=\"elementor-heading-title elementor-size-default\">Lokalizacja<\/h4>\t\t\t\t<\/div>\n\t\t\t\t<\/div>\n\t\t\t\t<div class=\"elementor-element elementor-element-5e344fab elementor-widget elementor-widget-google_maps\" data-id=\"5e344fab\" data-element_type=\"widget\" data-widget_type=\"google_maps.default\">\n\t\t\t\t<div class=\"elementor-widget-container\">\n\t\t\t\t\t\t\t<div class=\"elementor-custom-embed\">\n\t\t\t<iframe loading=\"lazy\"\n\t\t\t\t\tsrc=\"https:\/\/maps.google.com\/maps?q=Podle%C5%9Bna%2C%20Nisko&#038;t=m&#038;z=13&#038;output=embed&#038;iwloc=near\"\n\t\t\t\t\ttitle=\"Podle\u015bna, Nisko\"\n\t\t\t\t\taria-label=\"Podle\u015bna, Nisko\"\n\t\t\t><\/iframe>\n\t\t<\/div>\n\t\t\t\t\t\t<\/div>\n\t\t\t\t<\/div>\n\t\t\t\t<\/div>\n\t\t\t\t\t<\/div>\n\t\t\t\t<\/div>\n\t\t<div class=\"elementor-element elementor-element-5bba6f71 e-flex e-con-boxed e-con e-parent\" data-id=\"5bba6f71\" data-element_type=\"container\" data-settings=\"{&quot;background_background&quot;:&quot;classic&quot;}\">\n\t\t\t\t\t<div class=\"e-con-inner\">\n\t\t<div class=\"elementor-element elementor-element-2d87fb9d e-con-full e-flex e-con e-child\" data-id=\"2d87fb9d\" data-element_type=\"container\">\n\t\t\t\t<div class=\"elementor-element elementor-element-8b759b2 elementor-widget__width-inherit elementor-widget elementor-widget-heading\" data-id=\"8b759b2\" data-element_type=\"widget\" data-widget_type=\"heading.default\">\n\t\t\t\t<div class=\"elementor-widget-container\">\n\t\t\t\t\t<p class=\"elementor-heading-title elementor-size-default\">Skontaktuj si\u0119 z nami<\/p>\t\t\t\t<\/div>\n\t\t\t\t<\/div>\n\t\t\t\t<\/div>\n\t\t<div class=\"elementor-element elementor-element-50e3f8be e-con-full e-flex e-con e-child\" data-id=\"50e3f8be\" data-element_type=\"container\">\n\t\t\t\t<div class=\"elementor-element elementor-element-345bb4ff elementor-icon-list--layout-traditional elementor-list-item-link-full_width elementor-widget elementor-widget-icon-list\" data-id=\"345bb4ff\" data-element_type=\"widget\" data-widget_type=\"icon-list.default\">\n\t\t\t\t<div class=\"elementor-widget-container\">\n\t\t\t\t\t\t\t<ul class=\"elementor-icon-list-items\">\n\t\t\t\t\t\t\t<li class=\"elementor-icon-list-item\">\n\t\t\t\t\t\t\t\t\t\t<span class=\"elementor-icon-list-text\">Tel : +48 501 779 889<\/span>\n\t\t\t\t\t\t\t\t\t<\/li>\n\t\t\t\t\t\t<\/ul>\n\t\t\t\t\t\t<\/div>\n\t\t\t\t<\/div>\n\t\t\t\t<\/div>\n\t\t\t\t\t<\/div>\n\t\t\t\t<\/div>\n\t\t\t\t<\/div>\n\t\t","protected":false},"excerpt":{"rendered":"<p>PODLE\u015aNA 42 Tel : +48 501 779 889 Skontaktuj si\u0119 Domy na sprzeda\u017c w Nisku Prezentujemy Pa\u0144stwu wyj\u0105tkow\u0105 nieruchomo\u015b\u0107 zlokalizowan\u0105 w Nisku, przy ulicy Podle\u015bnej. Na sprzeda\u017c Domy jednorodzinne w nisku 4 pokoje 2 \u0142azienki ok. 160 m\u00b2 5200 z\u0142\/m\u00b2 ul. Podle\u015bna, Nisko, Podkarpackie Skontaktuj si\u0119 z dzia\u0142em sprzeda\u017cy Tel : +48 501 779 889 [&hellip;]<\/p>\n","protected":false},"author":1,"featured_media":0,"parent":0,"menu_order":0,"comment_status":"closed","ping_status":"closed","template":"elementor_canvas","meta":{"inline_featured_image":false,"footnotes":""},"class_list":["post-14","page","type-page","status-publish","hentry"],"_links":{"self":[{"href":"https:\/\/dev.gatoit.pl\/index.php?rest_route=\/wp\/v2\/pages\/14","targetHints":{"allow":["GET"]}}],"collection":[{"href":"https:\/\/dev.gatoit.pl\/index.php?rest_route=\/wp\/v2\/pages"}],"about":[{"href":"https:\/\/dev.gatoit.pl\/index.php?rest_route=\/wp\/v2\/types\/page"}],"author":[{"embeddable":true,"href":"https:\/\/dev.gatoit.pl\/index.php?rest_route=\/wp\/v2\/users\/1"}],"replies":[{"embeddable":true,"href":"https:\/\/dev.gatoit.pl\/index.php?rest_route=%2Fwp%2Fv2%2Fcomments&post=14"}],"version-history":[{"count":19,"href":"https:\/\/dev.gatoit.pl\/index.php?rest_route=\/wp\/v2\/pages\/14\/revisions"}],"predecessor-version":[{"id":61,"href":"https:\/\/dev.gatoit.pl\/index.php?rest_route=\/wp\/v2\/pages\/14\/revisions\/61"}],"wp:attachment":[{"href":"https:\/\/dev.gatoit.pl\/index.php?rest_route=%2Fwp%2Fv2%2Fmedia&parent=14"}],"curies":[{"name":"wp","href":"https:\/\/api.w.org\/{rel}","templated":true}]}}